{"id":702,"date":"2024-12-16T16:41:19","date_gmt":"2024-12-16T15:41:19","guid":{"rendered":"https:\/\/www.bonaneventure.fr\/?page_id=702"},"modified":"2025-04-19T18:06:29","modified_gmt":"2025-04-19T16:06:29","slug":"animations-et-evenementiel","status":"publish","type":"page","link":"https:\/\/www.bonaneventure.fr\/?page_id=702","title":{"rendered":"Animations et \u00e9v\u00e8nementiel"},"content":{"rendered":"<div id=\"pl-gb702-69e864345feaf\"  class=\"panel-layout\" ><div id=\"pg-gb702-69e864345feaf-0\"  class=\"panel-grid panel-no-style\"  data-style=\"{&quot;background_image_attachment&quot;:false,&quot;background_display&quot;:&quot;tile&quot;,&quot;background_image_size&quot;:&quot;full&quot;,&quot;background_image_opacity&quot;:&quot;100&quot;,&quot;border_thickness&quot;:&quot;1px&quot;,&quot;full_height&quot;:&quot;&quot;,&quot;cell_alignment&quot;:&quot;flex-start&quot;}\" ><div id=\"pgc-gb702-69e864345feaf-0-0\"  class=\"panel-grid-cell\"  data-weight=\"1\" ><div id=\"panel-gb702-69e864345feaf-0-0-0\" class=\"so-panel widget widget_sow-editor panel-first-child panel-last-child\" data-index=\"0\" data-style=\"{&quot;background_image_attachment&quot;:false,&quot;background_display&quot;:&quot;tile&quot;,&quot;background_image_size&quot;:&quot;full&quot;,&quot;background_image_opacity&quot;:&quot;100&quot;,&quot;border_thickness&quot;:&quot;1px&quot;}\" ><div\n\t\t\t\n\t\t\tclass=\"so-widget-sow-editor so-widget-sow-editor-base\"\n\t\t\t\n\t\t>\n<div class=\"siteorigin-widget-tinymce textwidget\">\n\t<p>Vous \u00eates \u00e0 la recherche d&rsquo;un \u00e9v\u00e8nement qui sorte de l&rsquo;ordinaire? Nous proposons des balades \u00e0 dos d&rsquo;\u00e2nes\u00a0 ou avec une\u00a0 carriole ,l&rsquo;Escargoline , adapt\u00e9e pour les personnes \u00e0 mobilit\u00e9 r\u00e9duite ou parfaite\u00a0 pour des familles avec des enfants en bas \u00e2ge.<\/p>\n<p>Cela est possible\u00a0 chez vous ou chez nous !<\/p>\n<p>L&rsquo;association poss\u00e8de un van de transport pour deux \u00e2nes\u00a0 et gr\u00e2ce \u00e0 cet outil de travail , nous pouvons r\u00e9aliser\u00a0 une balade dans un coin qui vous est cher ou sur\u00a0 le lieu de votre choix.<\/p>\n<p>Quelques actions \u00a0o\u00f9 nous avons d\u00e9j\u00e0 quelques r\u00e9f\u00e9rences :<\/p>\n<ul>\n<li>f\u00eates locales de village<\/li>\n<li>anniversaires<\/li>\n<li>visite\u00a0 dans les cr\u00e8ches<\/li>\n<li>m\u00e9diation dans les EHPAD<\/li>\n<li>centres sp\u00e9cialis\u00e9s ( ARSEEA, Foyer de vie pour adultes&#8230;)<\/li>\n<li>animation dans les centre de loisirs<\/li>\n<li>comices agricoles<\/li>\n<li>sensibilisation \u00e0 l&rsquo;animal dans les groupes scolaires: nettoyons la nature avec les \u00e2nes<\/li>\n<li>et tout \u00e9v\u00e8nement \u00e0 th\u00e8mes: march\u00e9 de no\u00ebl, vide grenier, carnaval des \u00e9coles<\/li>\n<li>liste non exhaustive<\/li>\n<\/ul>\n<p>Dans tous les cas n&rsquo;h\u00e9sitez pas \u00e0 nous contacter par mail pour pr\u00e9senter votre projet . Nous vous r\u00e9pondrons dans nos meilleurs d\u00e9lais .<\/p>\n<p>En attendant , nous vous invitons \u00e0 regarder nos photos et vid\u00e9os en cliquant ici <a href=\"https:\/\/www.bonaneventure.fr\/?page_id=856\">Nos photos et vid\u00e9os<\/a><\/p>\n<\/div>\n<\/div><\/div><\/div><\/div><div id=\"pg-gb702-69e864345feaf-1\"  class=\"panel-grid panel-no-style\"  data-style=\"{&quot;background_image_attachment&quot;:false,&quot;background_display&quot;:&quot;tile&quot;,&quot;background_image_size&quot;:&quot;full&quot;,&quot;background_image_opacity&quot;:&quot;100&quot;,&quot;border_thickness&quot;:&quot;1px&quot;,&quot;full_height&quot;:&quot;&quot;,&quot;cell_alignment&quot;:&quot;flex-start&quot;}\" ><div id=\"pgc-gb702-69e864345feaf-1-0\"  class=\"panel-grid-cell\"  data-weight=\"0.25\" ><div id=\"panel-gb702-69e864345feaf-1-0-0\" class=\"so-panel widget widget_sow-image panel-first-child\" data-index=\"1\" data-style=\"{&quot;background_image_attachment&quot;:false,&quot;background_display&quot;:&quot;tile&quot;,&quot;background_image_size&quot;:&quot;full&quot;,&quot;background_image_opacity&quot;:&quot;100&quot;,&quot;border_thickness&quot;:&quot;1px&quot;}\" ><div\n\t\t\t\n\t\t\tclass=\"so-widget-sow-image so-widget-sow-image-default-8b5b6f678277-702\"\n\t\t\t\n\t\t>\n\n<div class=\"sow-image-container\">\n\t\t<img title=\"Animations et \u00e9v\u00e8nementiel\" alt=\"\" \t\tclass=\"so-widget-image\"\/>\n\t<\/div>\n\n<\/div><\/div><div id=\"panel-gb702-69e864345feaf-1-0-1\" class=\"so-panel widget widget_sow-image\" data-index=\"2\" data-style=\"{&quot;background_image_attachment&quot;:false,&quot;background_display&quot;:&quot;tile&quot;,&quot;background_image_size&quot;:&quot;full&quot;,&quot;background_image_opacity&quot;:&quot;100&quot;,&quot;border_thickness&quot;:&quot;1px&quot;}\" ><div\n\t\t\t\n\t\t\tclass=\"so-widget-sow-image so-widget-sow-image-default-8b5b6f678277-702\"\n\t\t\t\n\t\t>\n\n<div class=\"sow-image-container\">\n\t\t<img title=\"Animations et \u00e9v\u00e8nementiel\" alt=\"\" \t\tclass=\"so-widget-image\"\/>\n\t<\/div>\n\n<\/div><\/div><\/div><div id=\"pgc-gb702-69e864345feaf-1-1\"  class=\"panel-grid-cell\"  data-weight=\"0.25\" ><div id=\"panel-gb702-69e864345feaf-1-1-0\" class=\"so-panel widget widget_sow-image panel-first-child\" data-index=\"4\" data-style=\"{&quot;background_image_attachment&quot;:false,&quot;background_display&quot;:&quot;tile&quot;,&quot;background_image_size&quot;:&quot;full&quot;,&quot;background_image_opacity&quot;:&quot;100&quot;,&quot;border_thickness&quot;:&quot;1px&quot;}\" ><div\n\t\t\t\n\t\t\tclass=\"so-widget-sow-image so-widget-sow-image-default-8b5b6f678277-702\"\n\t\t\t\n\t\t>\n\n<div class=\"sow-image-container\">\n\t\t<img loading=\"lazy\" decoding=\"async\" src=\"https:\/\/www.bonaneventure.fr\/wp-content\/uploads\/2025\/04\/0001.png\" width=\"365\" height=\"548\" srcset=\"https:\/\/www.bonaneventure.fr\/wp-content\/uploads\/2025\/04\/0001.png 365w, https:\/\/www.bonaneventure.fr\/wp-content\/uploads\/2025\/04\/0001-200x300.png 200w\" sizes=\"(max-width: 365px) 100vw, 365px\" alt=\"\" \t\tclass=\"so-widget-image\"\/>\n\t<\/div>\n\n<\/div><\/div><div id=\"panel-gb702-69e864345feaf-1-1-1\" class=\"so-panel widget widget_sow-image\" data-index=\"5\" data-style=\"{&quot;background_image_attachment&quot;:false,&quot;background_display&quot;:&quot;tile&quot;,&quot;background_image_size&quot;:&quot;full&quot;,&quot;background_image_opacity&quot;:&quot;100&quot;,&quot;border_thickness&quot;:&quot;1px&quot;}\" ><div\n\t\t\t\n\t\t\tclass=\"so-widget-sow-image so-widget-sow-image-default-8b5b6f678277-702\"\n\t\t\t\n\t\t>\n\n<div class=\"sow-image-container\">\n\t\t<img title=\"Animations et \u00e9v\u00e8nementiel\" alt=\"\" \t\tclass=\"so-widget-image\"\/>\n\t<\/div>\n\n<\/div><\/div><div id=\"panel-gb702-69e864345feaf-1-1-2\" class=\"so-panel widget widget_sow-image panel-last-child\" data-index=\"6\" data-style=\"{&quot;background_image_attachment&quot;:false,&quot;background_display&quot;:&quot;tile&quot;,&quot;background_image_size&quot;:&quot;full&quot;,&quot;background_image_opacity&quot;:&quot;100&quot;,&quot;border_thickness&quot;:&quot;1px&quot;}\" ><div\n\t\t\t\n\t\t\tclass=\"so-widget-sow-image so-widget-sow-image-default-8b5b6f678277-702\"\n\t\t\t\n\t\t>\n\n<div class=\"sow-image-container\">\n\t\t<img title=\"Animations et \u00e9v\u00e8nementiel\" alt=\"\" \t\tclass=\"so-widget-image\"\/>\n\t<\/div>\n\n<\/div><\/div><\/div><div id=\"pgc-gb702-69e864345feaf-1-2\"  class=\"panel-grid-cell\"  data-weight=\"0.25\" ><div id=\"panel-gb702-69e864345feaf-1-2-0\" class=\"so-panel widget widget_sow-image panel-first-child\" data-index=\"7\" data-style=\"{&quot;background_image_attachment&quot;:false,&quot;background_display&quot;:&quot;tile&quot;,&quot;background_image_size&quot;:&quot;full&quot;,&quot;background_image_opacity&quot;:&quot;100&quot;,&quot;border_thickness&quot;:&quot;1px&quot;}\" ><div\n\t\t\t\n\t\t\tclass=\"so-widget-sow-image so-widget-sow-image-default-8b5b6f678277-702\"\n\t\t\t\n\t\t>\n\n<div class=\"sow-image-container\">\n\t\t<img title=\"Animations et \u00e9v\u00e8nementiel\" alt=\"\" \t\tclass=\"so-widget-image\"\/>\n\t<\/div>\n\n<\/div><\/div><div id=\"panel-gb702-69e864345feaf-1-2-1\" class=\"so-panel widget widget_sow-image panel-last-child\" data-index=\"8\" data-style=\"{&quot;background_image_attachment&quot;:false,&quot;background_display&quot;:&quot;tile&quot;,&quot;background_image_size&quot;:&quot;full&quot;,&quot;background_image_opacity&quot;:&quot;100&quot;,&quot;border_thickness&quot;:&quot;1px&quot;}\" ><div\n\t\t\t\n\t\t\tclass=\"so-widget-sow-image so-widget-sow-image-default-8b5b6f678277-702\"\n\t\t\t\n\t\t>\n\n<div class=\"sow-image-container\">\n\t\t<img title=\"Animations et \u00e9v\u00e8nementiel\" alt=\"\" \t\tclass=\"so-widget-image\"\/>\n\t<\/div>\n\n<\/div><\/div><\/div><div id=\"pgc-gb702-69e864345feaf-1-3\"  class=\"panel-grid-cell\"  data-weight=\"0.25\" ><div id=\"panel-gb702-69e864345feaf-1-3-0\" class=\"so-panel widget widget_sow-image panel-first-child\" data-index=\"9\" data-style=\"{&quot;background_image_attachment&quot;:false,&quot;background_display&quot;:&quot;tile&quot;,&quot;background_image_size&quot;:&quot;full&quot;,&quot;background_image_opacity&quot;:&quot;100&quot;,&quot;border_thickness&quot;:&quot;1px&quot;}\" ><div\n\t\t\t\n\t\t\tclass=\"so-widget-sow-image so-widget-sow-image-default-8b5b6f678277-702\"\n\t\t\t\n\t\t>\n\n<div class=\"sow-image-container\">\n\t\t<img title=\"Animations et \u00e9v\u00e8nementiel\" alt=\"\" \t\tclass=\"so-widget-image\"\/>\n\t<\/div>\n\n<\/div><\/div><div id=\"panel-gb702-69e864345feaf-1-3-1\" class=\"so-panel widget widget_sow-image panel-last-child\" data-index=\"10\" data-style=\"{&quot;background_image_attachment&quot;:false,&quot;background_display&quot;:&quot;tile&quot;,&quot;background_image_size&quot;:&quot;full&quot;,&quot;background_image_opacity&quot;:&quot;100&quot;,&quot;border_thickness&quot;:&quot;1px&quot;}\" ><div\n\t\t\t\n\t\t\tclass=\"so-widget-sow-image so-widget-sow-image-default-8b5b6f678277-702\"\n\t\t\t\n\t\t>\n\n<div class=\"sow-image-container\">\n\t\t<img title=\"Animations et \u00e9v\u00e8nementiel\" alt=\"\" \t\tclass=\"so-widget-image\"\/>\n\t<\/div>\n\n<\/div><\/div><\/div><\/div><div id=\"pg-gb702-69e864345feaf-2\"  class=\"panel-grid panel-no-style\"  data-style=\"{&quot;background_image_attachment&quot;:false,&quot;background_display&quot;:&quot;tile&quot;,&quot;background_image_size&quot;:&quot;full&quot;,&quot;background_image_opacity&quot;:&quot;100&quot;,&quot;border_thickness&quot;:&quot;1px&quot;,&quot;full_height&quot;:&quot;&quot;,&quot;cell_alignment&quot;:&quot;flex-start&quot;}\" ><div id=\"pgc-gb702-69e864345feaf-2-0\"  class=\"panel-grid-cell panel-grid-cell-empty\"  data-weight=\"1\" ><\/div><\/div><\/div>\n\n\n<p><\/p>\n\n\n\n<p><\/p>\n","protected":false},"excerpt":{"rendered":"<p>Vous \u00eates \u00e0 la recherche d&rsquo;un \u00e9v\u00e8nement qui sorte de l&rsquo;ordinaire? Nous proposons des balades \u00e0 dos d&rsquo;\u00e2nes\u00a0 ou avec une\u00a0 carriole ,l&rsquo;Escargoline , adapt\u00e9e pour les personnes \u00e0 mobilit\u00e9 r\u00e9duite ou parfaite\u00a0 pour des familles avec des enfants en bas \u00e2ge. Cela est possible\u00a0 chez vous ou chez nous ! L&rsquo;association poss\u00e8de un van [&hellip;]<\/p>\n","protected":false},"author":1,"featured_media":0,"parent":0,"menu_order":0,"comment_status":"closed","ping_status":"closed","template":"","meta":{"footnotes":""},"_links":{"self":[{"href":"https:\/\/www.bonaneventure.fr\/index.php?rest_route=\/wp\/v2\/pages\/702"}],"collection":[{"href":"https:\/\/www.bonaneventure.fr\/index.php?rest_route=\/wp\/v2\/pages"}],"about":[{"href":"https:\/\/www.bonaneventure.fr\/index.php?rest_route=\/wp\/v2\/types\/page"}],"author":[{"embeddable":true,"href":"https:\/\/www.bonaneventure.fr\/index.php?rest_route=\/wp\/v2\/users\/1"}],"replies":[{"embeddable":true,"href":"https:\/\/www.bonaneventure.fr\/index.php?rest_route=%2Fwp%2Fv2%2Fcomments&post=702"}],"version-history":[{"count":14,"href":"https:\/\/www.bonaneventure.fr\/index.php?rest_route=\/wp\/v2\/pages\/702\/revisions"}],"predecessor-version":[{"id":948,"href":"https:\/\/www.bonaneventure.fr\/index.php?rest_route=\/wp\/v2\/pages\/702\/revisions\/948"}],"wp:attachment":[{"href":"https:\/\/www.bonaneventure.fr\/index.php?rest_route=%2Fwp%2Fv2%2Fmedia&parent=702"}],"curies":[{"name":"wp","href":"https:\/\/api.w.org\/{rel}","templated":true}]}}